{"id":1755,"date":"2022-02-02T21:28:15","date_gmt":"2022-02-02T21:28:15","guid":{"rendered":"https:\/\/fundacaomargaridaalves.org.br\/222\/?page_id=1755"},"modified":"2022-02-02T21:38:57","modified_gmt":"2022-02-02T21:38:57","slug":"programa-papel-passado","status":"publish","type":"page","link":"https:\/\/fundacaomargaridaalves.org.br\/222\/projetos\/programa-papel-passado\/","title":{"rendered":"Programa Papel Passado"},"content":{"rendered":"\t\t<div data-elementor-type=\"wp-page\" data-elementor-id=\"1755\" class=\"elementor elementor-1755\" data-elementor-settings=\"[]\">\n\t\t\t\t\t\t\t<div class=\"elementor-section-wrap\">\n\t\t\t\t\t\t\t<section class=\"elementor-section elementor-top-section elementor-element elementor-element-50d607fa elementor-section-height-min-height elementor-section-boxed elementor-section-height-default elementor-section-items-middle\" data-id=\"50d607fa\" data-element_type=\"section\" data-settings=\"{&quot;background_background&quot;:&quot;classic&quot;}\">\n\t\t\t\t\t\t\t<div class=\"elementor-background-overlay\"><\/div>\n\t\t\t\t\t\t\t<div class=\"elementor-container elementor-column-gap-default\">\n\t\t\t\t\t<div class=\"elementor-column elementor-col-33 elementor-top-column elementor-element elementor-element-6a84ee74\" data-id=\"6a84ee74\" data-element_type=\"column\">\n\t\t\t<div class=\"elementor-widget-wrap\">\n\t\t\t\t\t\t\t\t\t<\/div>\n\t\t<\/div>\n\t\t\t\t<div class=\"elementor-column elementor-col-33 elementor-top-column elementor-element elementor-element-6ed3e731\" data-id=\"6ed3e731\" data-element_type=\"column\">\n\t\t\t<div class=\"elementor-widget-wrap elementor-element-populated\">\n\t\t\t\t\t\t\t\t<div class=\"elementor-element elementor-element-43cee196 elementor-widget elementor-widget-heading\" data-id=\"43cee196\" data-element_type=\"widget\" data-widget_type=\"heading.default\">\n\t\t\t\t<div class=\"elementor-widget-container\">\n\t\t\t<style>\/*! elementor - v3.5.4 - 23-01-2022 *\/\n.elementor-heading-title{padding:0;margin:0;line-height:1}.elementor-widget-heading .elementor-heading-title[class*=elementor-size-]>a{color:inherit;font-size:inherit;line-height:inherit}.elementor-widget-heading .elementor-heading-title.elementor-size-small{font-size:15px}.elementor-widget-heading .elementor-heading-title.elementor-size-medium{font-size:19px}.elementor-widget-heading .elementor-heading-title.elementor-size-large{font-size:29px}.elementor-widget-heading .elementor-heading-title.elementor-size-xl{font-size:39px}.elementor-widget-heading .elementor-heading-title.elementor-size-xxl{font-size:59px}<\/style><h1 class=\"elementor-heading-title elementor-size-default\">Programa Papel Passado<\/h1>\t\t<\/div>\n\t\t\t\t<\/div>\n\t\t\t\t<div class=\"elementor-element elementor-element-3514b332 elementor-widget elementor-widget-text-editor\" data-id=\"3514b332\" data-element_type=\"widget\" data-widget_type=\"text-editor.default\">\n\t\t\t\t<div class=\"elementor-widget-container\">\n\t\t\t<style>\/*! elementor - v3.5.4 - 23-01-2022 *\/\n.elementor-widget-text-editor.elementor-drop-cap-view-stacked .elementor-drop-cap{background-color:#818a91;color:#fff}.elementor-widget-text-editor.elementor-drop-cap-view-framed .elementor-drop-cap{color:#818a91;border:3px solid;background-color:transparent}.elementor-widget-text-editor:not(.elementor-drop-cap-view-default) .elementor-drop-cap{margin-top:8px}.elementor-widget-text-editor:not(.elementor-drop-cap-view-default) .elementor-drop-cap-letter{width:1em;height:1em}.elementor-widget-text-editor .elementor-drop-cap{float:left;text-align:center;line-height:1;font-size:50px}.elementor-widget-text-editor .elementor-drop-cap-letter{display:inline-block}<\/style>\t\t\t\t\t\t\t\t\t\t<\/div>\n\t\t\t\t<\/div>\n\t\t\t\t\t<\/div>\n\t\t<\/div>\n\t\t\t\t<div class=\"elementor-column elementor-col-33 elementor-top-column elementor-element elementor-element-3fab9dc9\" data-id=\"3fab9dc9\" data-element_type=\"column\">\n\t\t\t<div class=\"elementor-widget-wrap\">\n\t\t\t\t\t\t\t\t\t<\/div>\n\t\t<\/div>\n\t\t\t\t\t\t\t<\/div>\n\t\t<\/section>\n\t\t\t\t<section class=\"elementor-section elementor-top-section elementor-element elementor-element-17994be1 elementor-section-boxed elementor-section-height-default elementor-section-height-default\" data-id=\"17994be1\" data-element_type=\"section\">\n\t\t\t\t\t\t<div class=\"elementor-container elementor-column-gap-default\">\n\t\t\t\t\t<div class=\"elementor-column elementor-col-33 elementor-top-column elementor-element elementor-element-74355893\" data-id=\"74355893\" data-element_type=\"column\">\n\t\t\t<div class=\"elementor-widget-wrap\">\n\t\t\t\t\t\t\t\t\t<\/div>\n\t\t<\/div>\n\t\t\t\t<div class=\"elementor-column elementor-col-33 elementor-top-column elementor-element elementor-element-ab5b93c\" data-id=\"ab5b93c\" data-element_type=\"column\">\n\t\t\t<div class=\"elementor-widget-wrap elementor-element-populated\">\n\t\t\t\t\t\t\t\t<div class=\"elementor-element elementor-element-4ba98f9 elementor-widget elementor-widget-image\" data-id=\"4ba98f9\" data-element_type=\"widget\" data-widget_type=\"image.default\">\n\t\t\t\t<div class=\"elementor-widget-container\">\n\t\t\t<style>\/*! elementor - v3.5.4 - 23-01-2022 *\/\n.elementor-widget-image{text-align:center}.elementor-widget-image a{display:inline-block}.elementor-widget-image a img[src$=\".svg\"]{width:48px}.elementor-widget-image img{vertical-align:middle;display:inline-block}<\/style>\t\t\t\t\t\t\t\t\t\t\t\t<img loading=\"lazy\" decoding=\"async\" width=\"590\" height=\"139\" src=\"https:\/\/fundacaomargaridaalves.org.br\/222\/wp-content\/uploads\/2022\/02\/Fundacao-Margarida-Maria-Alves_PROJETOS_Papel-Passado.png\" class=\"attachment-full size-full\" alt=\"\" srcset=\"https:\/\/fundacaomargaridaalves.org.br\/222\/wp-content\/uploads\/2022\/02\/Fundacao-Margarida-Maria-Alves_PROJETOS_Papel-Passado.png 590w, https:\/\/fundacaomargaridaalves.org.br\/222\/wp-content\/uploads\/2022\/02\/Fundacao-Margarida-Maria-Alves_PROJETOS_Papel-Passado-300x71.png 300w\" sizes=\"auto, (max-width: 590px) 100vw, 590px\" \/>\t\t\t\t\t\t\t\t\t\t\t\t\t\t\t<\/div>\n\t\t\t\t<\/div>\n\t\t\t\t\t<\/div>\n\t\t<\/div>\n\t\t\t\t<div class=\"elementor-column elementor-col-33 elementor-top-column elementor-element elementor-element-ef5b0cb\" data-id=\"ef5b0cb\" data-element_type=\"column\">\n\t\t\t<div class=\"elementor-widget-wrap\">\n\t\t\t\t\t\t\t\t\t<\/div>\n\t\t<\/div>\n\t\t\t\t\t\t\t<\/div>\n\t\t<\/section>\n\t\t\t\t<section class=\"elementor-section elementor-top-section elementor-element elementor-element-75a1bd83 elementor-section-boxed elementor-section-height-default elementor-section-height-default\" data-id=\"75a1bd83\" data-element_type=\"section\">\n\t\t\t\t\t\t<div class=\"elementor-container elementor-column-gap-default\">\n\t\t\t\t\t<div class=\"elementor-column elementor-col-100 elementor-top-column elementor-element elementor-element-7e96cf8d\" data-id=\"7e96cf8d\" data-element_type=\"column\">\n\t\t\t<div class=\"elementor-widget-wrap elementor-element-populated\">\n\t\t\t\t\t\t\t\t<section class=\"elementor-section elementor-inner-section elementor-element elementor-element-4076b62a elementor-section-boxed elementor-section-height-default elementor-section-height-default\" data-id=\"4076b62a\" data-element_type=\"section\">\n\t\t\t\t\t\t<div class=\"elementor-container elementor-column-gap-default\">\n\t\t\t\t\t<div class=\"elementor-column elementor-col-33 elementor-inner-column elementor-element elementor-element-4830479f\" data-id=\"4830479f\" data-element_type=\"column\">\n\t\t\t<div class=\"elementor-widget-wrap elementor-element-populated\">\n\t\t\t\t\t\t\t\t<div class=\"elementor-element elementor-element-63728571 elementor-widget elementor-widget-text-editor\" data-id=\"63728571\" data-element_type=\"widget\" data-widget_type=\"text-editor.default\">\n\t\t\t\t<div class=\"elementor-widget-container\">\n\t\t\t\t\t\t\t<p>Programa Papel Passado:\u00a0Criado em 2007, visa realizar a Regulariza\u00e7\u00e3o Fundi\u00e1ria da comunidade do Jardim Laranjeiras, no bairro do Jos\u00e9 Am\u00e9rico, em Jo\u00e3o Pessoa. O local foi estabelecida h\u00e1 mais de 20 anos num terreno da Cehap, que, em parceria com a Funda\u00e7\u00e3o Margarida Maria Alves, resolveu doar o espa\u00e7o para a realiza\u00e7\u00e3o da legaliza\u00e7\u00e3o de posse. Cerca de mil fam\u00edlias est\u00e3o morando, hoje, no terreno da Cehap, \u00e0rea de 16,906 hectares que ser\u00e1 beneficiada com a regulariza\u00e7\u00e3o. O projeto foi selecionado numa chamada p\u00fablica do Minist\u00e9rio das Cidades, em 2007, e, com a demora da chegada dos recursos, a Funda\u00e7\u00e3o Margarida Maria Alves chegou a pensar em desistir.<\/p><p>Mas, em 2009, a situa\u00e7\u00e3o foi regularizada e os trabalhos foram, de fato, iniciados. Em 2010, ser\u00e1 realizado um Levantamento Topogr\u00e1fico e um Cadastro S\u00f3cio-Econ\u00f4mico, a cargo da empresa Cadastral Geo, selecionada atrav\u00e9s de licita\u00e7\u00e3o, como parte do processo de regulariza\u00e7\u00e3o. A Associa\u00e7\u00e3o de Moradores do Jardim Laranjeiras \u00e9 a maior parceira da Funda\u00e7\u00e3o neste processo e \u00e9 em sua sede que s\u00e3o realizadas as atividades sociais previstas no projeto, com realiza\u00e7\u00e3o de oficinas sobre diversos temas: O que \u00e9 a Regulariza\u00e7\u00e3o Fundi\u00e1ria, Lei Maria da Penha, Organiza\u00e7\u00e3o Popular, Sab\u00e7ao Ecol\u00f3gico, dentre outras.<\/p><p>No fim do projeto, as fam\u00edlias ser\u00e3o beneficiadas com o t\u00edtulo de posse dos terrenos ocupados.<\/p>\t\t\t\t\t\t<\/div>\n\t\t\t\t<\/div>\n\t\t\t\t\t<\/div>\n\t\t<\/div>\n\t\t\t\t<div class=\"elementor-column elementor-col-33 elementor-inner-column elementor-element elementor-element-295d549a\" data-id=\"295d549a\" data-element_type=\"column\">\n\t\t\t<div class=\"elementor-widget-wrap\">\n\t\t\t\t\t\t\t\t\t<\/div>\n\t\t<\/div>\n\t\t\t\t<div class=\"elementor-column elementor-col-33 elementor-inner-column elementor-element elementor-element-276edba9\" data-id=\"276edba9\" data-element_type=\"column\">\n\t\t\t<div class=\"elementor-widget-wrap elementor-element-populated\">\n\t\t\t\t\t\t\t\t<div class=\"elementor-element elementor-element-1c704f7a elementor-widget elementor-widget-image\" data-id=\"1c704f7a\" data-element_type=\"widget\" data-widget_type=\"image.default\">\n\t\t\t\t<div class=\"elementor-widget-container\">\n\t\t\t\t\t\t\t\t\t\t\t\t\t\t\t<img decoding=\"async\" src=\"https:\/\/fundacaomargaridaalves.org.br\/222\/wp-content\/plugins\/elementor\/assets\/images\/placeholder.png\" title=\"\" alt=\"\" \/>\t\t\t\t\t\t\t\t\t\t\t\t\t\t\t<\/div>\n\t\t\t\t<\/div>\n\t\t\t\t\t<\/div>\n\t\t<\/div>\n\t\t\t\t\t\t\t<\/div>\n\t\t<\/section>\n\t\t\t\t<section class=\"elementor-section elementor-inner-section elementor-element elementor-element-42cc3a81 elementor-section-boxed elementor-section-height-default elementor-section-height-default\" data-id=\"42cc3a81\" data-element_type=\"section\">\n\t\t\t\t\t\t<div class=\"elementor-container elementor-column-gap-default\">\n\t\t\t\t\t<div class=\"elementor-column elementor-col-33 elementor-inner-column elementor-element elementor-element-37c1a745\" data-id=\"37c1a745\" data-element_type=\"column\">\n\t\t\t<div class=\"elementor-widget-wrap elementor-element-populated\">\n\t\t\t\t\t\t\t\t<div class=\"elementor-element elementor-element-1fc9d26 elementor-widget elementor-widget-image\" data-id=\"1fc9d26\" data-element_type=\"widget\" data-widget_type=\"image.default\">\n\t\t\t\t<div class=\"elementor-widget-container\">\n\t\t\t\t\t\t\t\t\t\t\t\t\t\t\t<img decoding=\"async\" src=\"https:\/\/fundacaomargaridaalves.org.br\/222\/wp-content\/plugins\/elementor\/assets\/images\/placeholder.png\" title=\"\" alt=\"\" \/>\t\t\t\t\t\t\t\t\t\t\t\t\t\t\t<\/div>\n\t\t\t\t<\/div>\n\t\t\t\t\t<\/div>\n\t\t<\/div>\n\t\t\t\t<div class=\"elementor-column elementor-col-33 elementor-inner-column elementor-element elementor-element-27581d54\" data-id=\"27581d54\" data-element_type=\"column\">\n\t\t\t<div class=\"elementor-widget-wrap\">\n\t\t\t\t\t\t\t\t\t<\/div>\n\t\t<\/div>\n\t\t\t\t<div class=\"elementor-column elementor-col-33 elementor-inner-column elementor-element elementor-element-3ee16a73\" data-id=\"3ee16a73\" data-element_type=\"column\">\n\t\t\t<div class=\"elementor-widget-wrap elementor-element-populated\">\n\t\t\t\t\t\t\t\t<div class=\"elementor-element elementor-element-4d34e33f elementor-widget elementor-widget-image\" data-id=\"4d34e33f\" data-element_type=\"widget\" data-widget_type=\"image.default\">\n\t\t\t\t<div class=\"elementor-widget-container\">\n\t\t\t\t\t\t\t\t\t\t\t\t\t\t\t<img decoding=\"async\" src=\"https:\/\/fundacaomargaridaalves.org.br\/222\/wp-content\/plugins\/elementor\/assets\/images\/placeholder.png\" title=\"\" alt=\"\" \/>\t\t\t\t\t\t\t\t\t\t\t\t\t\t\t<\/div>\n\t\t\t\t<\/div>\n\t\t\t\t\t<\/div>\n\t\t<\/div>\n\t\t\t\t\t\t\t<\/div>\n\t\t<\/section>\n\t\t\t\t\t<\/div>\n\t\t<\/div>\n\t\t\t\t\t\t\t<\/div>\n\t\t<\/section>\n\t\t\t\t\t\t<\/div>\n\t\t\t\t\t<\/div>\n\t\t","protected":false},"excerpt":{"rendered":"<p>Programa Papel Passado Programa Papel Passado:\u00a0Criado em 2007, visa realizar a Regulariza\u00e7\u00e3o Fundi\u00e1ria da comunidade do Jardim Laranjeiras, no bairro do Jos\u00e9 Am\u00e9rico, em Jo\u00e3o Pessoa. O local foi estabelecida h\u00e1 mais de 20 anos num terreno da Cehap, que, em parceria com a Funda\u00e7\u00e3o Margarida Maria Alves, resolveu doar o espa\u00e7o para a realiza\u00e7\u00e3o [&hellip;]<\/p>\n","protected":false},"author":1,"featured_media":0,"parent":348,"menu_order":0,"comment_status":"closed","ping_status":"closed","template":"elementor_header_footer","meta":{"footnotes":""},"class_list":["post-1755","page","type-page","status-publish","hentry"],"_links":{"self":[{"href":"https:\/\/fundacaomargaridaalves.org.br\/222\/wp-json\/wp\/v2\/pages\/1755","targetHints":{"allow":["GET"]}}],"collection":[{"href":"https:\/\/fundacaomargaridaalves.org.br\/222\/wp-json\/wp\/v2\/pages"}],"about":[{"href":"https:\/\/fundacaomargaridaalves.org.br\/222\/wp-json\/wp\/v2\/types\/page"}],"author":[{"embeddable":true,"href":"https:\/\/fundacaomargaridaalves.org.br\/222\/wp-json\/wp\/v2\/users\/1"}],"replies":[{"embeddable":true,"href":"https:\/\/fundacaomargaridaalves.org.br\/222\/wp-json\/wp\/v2\/comments?post=1755"}],"version-history":[{"count":4,"href":"https:\/\/fundacaomargaridaalves.org.br\/222\/wp-json\/wp\/v2\/pages\/1755\/revisions"}],"predecessor-version":[{"id":1765,"href":"https:\/\/fundacaomargaridaalves.org.br\/222\/wp-json\/wp\/v2\/pages\/1755\/revisions\/1765"}],"up":[{"embeddable":true,"href":"https:\/\/fundacaomargaridaalves.org.br\/222\/wp-json\/wp\/v2\/pages\/348"}],"wp:attachment":[{"href":"https:\/\/fundacaomargaridaalves.org.br\/222\/wp-json\/wp\/v2\/media?parent=1755"}],"curies":[{"name":"wp","href":"https:\/\/api.w.org\/{rel}","templated":true}]}}