{"id":1750,"date":"2022-02-02T21:26:22","date_gmt":"2022-02-02T21:26:22","guid":{"rendered":"https:\/\/fundacaomargaridaalves.org.br\/222\/?page_id=1750"},"modified":"2022-02-02T21:30:13","modified_gmt":"2022-02-02T21:30:13","slug":"educacao-para-a-saude-e-o-meio-ambiente","status":"publish","type":"page","link":"https:\/\/fundacaomargaridaalves.org.br\/222\/projetos\/educacao-para-a-saude-e-o-meio-ambiente\/","title":{"rendered":"Educa\u00e7\u00e3o para a Sa\u00fade e o Meio Ambiente"},"content":{"rendered":"\t\t<div data-elementor-type=\"wp-page\" data-elementor-id=\"1750\" class=\"elementor elementor-1750\" data-elementor-settings=\"[]\">\n\t\t\t\t\t\t\t<div class=\"elementor-section-wrap\">\n\t\t\t\t\t\t\t<section class=\"elementor-section elementor-top-section elementor-element elementor-element-50d607fa elementor-section-height-min-height elementor-section-boxed elementor-section-height-default elementor-section-items-middle\" data-id=\"50d607fa\" data-element_type=\"section\" data-settings=\"{&quot;background_background&quot;:&quot;classic&quot;}\">\n\t\t\t\t\t\t\t<div class=\"elementor-background-overlay\"><\/div>\n\t\t\t\t\t\t\t<div class=\"elementor-container elementor-column-gap-default\">\n\t\t\t\t\t<div class=\"elementor-column elementor-col-33 elementor-top-column elementor-element elementor-element-6a84ee74\" data-id=\"6a84ee74\" data-element_type=\"column\">\n\t\t\t<div class=\"elementor-widget-wrap\">\n\t\t\t\t\t\t\t\t\t<\/div>\n\t\t<\/div>\n\t\t\t\t<div class=\"elementor-column elementor-col-33 elementor-top-column elementor-element elementor-element-6ed3e731\" data-id=\"6ed3e731\" data-element_type=\"column\">\n\t\t\t<div class=\"elementor-widget-wrap elementor-element-populated\">\n\t\t\t\t\t\t\t\t<div class=\"elementor-element elementor-element-43cee196 elementor-widget elementor-widget-heading\" data-id=\"43cee196\" data-element_type=\"widget\" data-widget_type=\"heading.default\">\n\t\t\t\t<div class=\"elementor-widget-container\">\n\t\t\t<style>\/*! elementor - v3.5.4 - 23-01-2022 *\/\n.elementor-heading-title{padding:0;margin:0;line-height:1}.elementor-widget-heading .elementor-heading-title[class*=elementor-size-]>a{color:inherit;font-size:inherit;line-height:inherit}.elementor-widget-heading .elementor-heading-title.elementor-size-small{font-size:15px}.elementor-widget-heading .elementor-heading-title.elementor-size-medium{font-size:19px}.elementor-widget-heading .elementor-heading-title.elementor-size-large{font-size:29px}.elementor-widget-heading .elementor-heading-title.elementor-size-xl{font-size:39px}.elementor-widget-heading .elementor-heading-title.elementor-size-xxl{font-size:59px}<\/style><h1 class=\"elementor-heading-title elementor-size-default\">Educa\u00e7\u00e3o para a Sa\u00fade e o Meio Ambiente<\/h1>\t\t<\/div>\n\t\t\t\t<\/div>\n\t\t\t\t<div class=\"elementor-element elementor-element-3514b332 elementor-widget elementor-widget-text-editor\" data-id=\"3514b332\" data-element_type=\"widget\" data-widget_type=\"text-editor.default\">\n\t\t\t\t<div class=\"elementor-widget-container\">\n\t\t\t<style>\/*! elementor - v3.5.4 - 23-01-2022 *\/\n.elementor-widget-text-editor.elementor-drop-cap-view-stacked .elementor-drop-cap{background-color:#818a91;color:#fff}.elementor-widget-text-editor.elementor-drop-cap-view-framed .elementor-drop-cap{color:#818a91;border:3px solid;background-color:transparent}.elementor-widget-text-editor:not(.elementor-drop-cap-view-default) .elementor-drop-cap{margin-top:8px}.elementor-widget-text-editor:not(.elementor-drop-cap-view-default) .elementor-drop-cap-letter{width:1em;height:1em}.elementor-widget-text-editor .elementor-drop-cap{float:left;text-align:center;line-height:1;font-size:50px}.elementor-widget-text-editor .elementor-drop-cap-letter{display:inline-block}<\/style>\t\t\t\t\t\t\t\t\t\t<\/div>\n\t\t\t\t<\/div>\n\t\t\t\t\t<\/div>\n\t\t<\/div>\n\t\t\t\t<div class=\"elementor-column elementor-col-33 elementor-top-column elementor-element elementor-element-3fab9dc9\" data-id=\"3fab9dc9\" data-element_type=\"column\">\n\t\t\t<div class=\"elementor-widget-wrap\">\n\t\t\t\t\t\t\t\t\t<\/div>\n\t\t<\/div>\n\t\t\t\t\t\t\t<\/div>\n\t\t<\/section>\n\t\t\t\t<section class=\"elementor-section elementor-top-section elementor-element elementor-element-17994be1 elementor-section-boxed elementor-section-height-default elementor-section-height-default\" data-id=\"17994be1\" data-element_type=\"section\">\n\t\t\t\t\t\t<div class=\"elementor-container elementor-column-gap-default\">\n\t\t\t\t\t<div class=\"elementor-column elementor-col-33 elementor-top-column elementor-element elementor-element-74355893\" data-id=\"74355893\" data-element_type=\"column\">\n\t\t\t<div class=\"elementor-widget-wrap\">\n\t\t\t\t\t\t\t\t\t<\/div>\n\t\t<\/div>\n\t\t\t\t<div class=\"elementor-column elementor-col-33 elementor-top-column elementor-element elementor-element-ab5b93c\" data-id=\"ab5b93c\" data-element_type=\"column\">\n\t\t\t<div class=\"elementor-widget-wrap elementor-element-populated\">\n\t\t\t\t\t\t\t\t<div class=\"elementor-element elementor-element-4ba98f9 elementor-widget elementor-widget-image\" data-id=\"4ba98f9\" data-element_type=\"widget\" data-widget_type=\"image.default\">\n\t\t\t\t<div class=\"elementor-widget-container\">\n\t\t\t<style>\/*! elementor - v3.5.4 - 23-01-2022 *\/\n.elementor-widget-image{text-align:center}.elementor-widget-image a{display:inline-block}.elementor-widget-image a img[src$=\".svg\"]{width:48px}.elementor-widget-image img{vertical-align:middle;display:inline-block}<\/style>\t\t\t\t\t\t\t\t\t\t\t\t<img loading=\"lazy\" decoding=\"async\" width=\"1050\" height=\"627\" src=\"https:\/\/fundacaomargaridaalves.org.br\/222\/wp-content\/uploads\/2022\/02\/Fundacao-Margarida-Maria-Alves_PROJETOS_Brazil-Foundation.jpg\" class=\"attachment-full size-full\" alt=\"\" srcset=\"https:\/\/fundacaomargaridaalves.org.br\/222\/wp-content\/uploads\/2022\/02\/Fundacao-Margarida-Maria-Alves_PROJETOS_Brazil-Foundation.jpg 1050w, https:\/\/fundacaomargaridaalves.org.br\/222\/wp-content\/uploads\/2022\/02\/Fundacao-Margarida-Maria-Alves_PROJETOS_Brazil-Foundation-300x179.jpg 300w, https:\/\/fundacaomargaridaalves.org.br\/222\/wp-content\/uploads\/2022\/02\/Fundacao-Margarida-Maria-Alves_PROJETOS_Brazil-Foundation-1024x611.jpg 1024w, https:\/\/fundacaomargaridaalves.org.br\/222\/wp-content\/uploads\/2022\/02\/Fundacao-Margarida-Maria-Alves_PROJETOS_Brazil-Foundation-768x459.jpg 768w\" sizes=\"auto, (max-width: 1050px) 100vw, 1050px\" \/>\t\t\t\t\t\t\t\t\t\t\t\t\t\t\t<\/div>\n\t\t\t\t<\/div>\n\t\t\t\t\t<\/div>\n\t\t<\/div>\n\t\t\t\t<div class=\"elementor-column elementor-col-33 elementor-top-column elementor-element elementor-element-ef5b0cb\" data-id=\"ef5b0cb\" data-element_type=\"column\">\n\t\t\t<div class=\"elementor-widget-wrap\">\n\t\t\t\t\t\t\t\t\t<\/div>\n\t\t<\/div>\n\t\t\t\t\t\t\t<\/div>\n\t\t<\/section>\n\t\t\t\t<section class=\"elementor-section elementor-top-section elementor-element elementor-element-75a1bd83 elementor-section-boxed elementor-section-height-default elementor-section-height-default\" data-id=\"75a1bd83\" data-element_type=\"section\">\n\t\t\t\t\t\t<div class=\"elementor-container elementor-column-gap-default\">\n\t\t\t\t\t<div class=\"elementor-column elementor-col-100 elementor-top-column elementor-element elementor-element-7e96cf8d\" data-id=\"7e96cf8d\" data-element_type=\"column\">\n\t\t\t<div class=\"elementor-widget-wrap elementor-element-populated\">\n\t\t\t\t\t\t\t\t<section class=\"elementor-section elementor-inner-section elementor-element elementor-element-4076b62a elementor-section-boxed elementor-section-height-default elementor-section-height-default\" data-id=\"4076b62a\" data-element_type=\"section\">\n\t\t\t\t\t\t<div class=\"elementor-container elementor-column-gap-default\">\n\t\t\t\t\t<div class=\"elementor-column elementor-col-33 elementor-inner-column elementor-element elementor-element-4830479f\" data-id=\"4830479f\" data-element_type=\"column\">\n\t\t\t<div class=\"elementor-widget-wrap elementor-element-populated\">\n\t\t\t\t\t\t\t\t<div class=\"elementor-element elementor-element-63728571 elementor-widget elementor-widget-text-editor\" data-id=\"63728571\" data-element_type=\"widget\" data-widget_type=\"text-editor.default\">\n\t\t\t\t<div class=\"elementor-widget-container\">\n\t\t\t\t\t\t\t<p>Educa\u00e7\u00e3o para a Sa\u00fade e o Meio Ambiente: surgiu da atua\u00e7\u00e3o da Rede de Juristas Populares na Comunidade Unida, em Bayeux, e \u00e9 executado atrav\u00e9s de parceria entre a Funda\u00e7\u00e3o Margarida Maria Alves e a BrazilFoundation. O projeto tem dura\u00e7\u00e3o de um ano, tendo sido aprovado na sele\u00e7\u00e3o p\u00fablica de 2009, e fornece no\u00e7\u00f5es de educa\u00e7\u00e3o ambiental, sa\u00fad, alimenta\u00e7\u00e3o adequada e gera\u00e7\u00e3o de renda para os (as) moradores (as) da Comunidade Unida, que n\u00e3o possui estrutura b\u00e1sica para viver. A comunidade fica \u00e0s margens da Mata do XemXem, em Bayeux, e \u00e9 a principal respons\u00e1vel pela destrui\u00e7\u00e3o dessa reserva para fins de subsist\u00eancia. O projeto possui 17 oficinas te\u00f3ricas e pr\u00e1ticas: Confec\u00e7\u00e3o de Sab\u00e3o Ecol\u00f3gico I e II (em parceria com a Rede de Juristas Populares), Higiene Bucal (em parceria com a Cetec), Coleta Seletiva (em parceira com o Centro Cultural Piollin), Educa\u00e7\u00e3o Ambiental com Mutir\u00e3o de Limpeza (em parceria com a Rede de Juristas Populares), Sa\u00fade da Fam\u00edlia (realizada em parceria com a Bemfam), Trabalho e Associativismo (realizada em parceria com o Sebrae), Implanta\u00e7\u00e3o de Hortas Comunit\u00e1rias I e II, entre outros.<\/p><p>Como a Funda\u00e7\u00e3o teve muito apoio de entidades parceiras, conseguiu economizar cerca de 20% do valor do projeto, que ser\u00e1 aplicado na funda\u00e7\u00e3o de uma Cooperativa de produ\u00e7\u00e3o de sab\u00e3o ecol\u00f3gico, idealizada a partir da iniciativa das pr\u00f3pria mulheres da comunidade. Elas se mobilizaram, inclusive, para conseguir o maquin\u00e1rio adequado para o corte e a embalagem do sab\u00e3o.<\/p>\t\t\t\t\t\t<\/div>\n\t\t\t\t<\/div>\n\t\t\t\t\t<\/div>\n\t\t<\/div>\n\t\t\t\t<div class=\"elementor-column elementor-col-33 elementor-inner-column elementor-element elementor-element-295d549a\" data-id=\"295d549a\" data-element_type=\"column\">\n\t\t\t<div class=\"elementor-widget-wrap\">\n\t\t\t\t\t\t\t\t\t<\/div>\n\t\t<\/div>\n\t\t\t\t<div class=\"elementor-column elementor-col-33 elementor-inner-column elementor-element elementor-element-276edba9\" data-id=\"276edba9\" data-element_type=\"column\">\n\t\t\t<div class=\"elementor-widget-wrap elementor-element-populated\">\n\t\t\t\t\t\t\t\t<div class=\"elementor-element elementor-element-1c704f7a elementor-widget elementor-widget-image\" data-id=\"1c704f7a\" data-element_type=\"widget\" data-widget_type=\"image.default\">\n\t\t\t\t<div class=\"elementor-widget-container\">\n\t\t\t\t\t\t\t\t\t\t\t\t\t\t\t<img decoding=\"async\" src=\"https:\/\/fundacaomargaridaalves.org.br\/222\/wp-content\/plugins\/elementor\/assets\/images\/placeholder.png\" title=\"\" alt=\"\" \/>\t\t\t\t\t\t\t\t\t\t\t\t\t\t\t<\/div>\n\t\t\t\t<\/div>\n\t\t\t\t\t<\/div>\n\t\t<\/div>\n\t\t\t\t\t\t\t<\/div>\n\t\t<\/section>\n\t\t\t\t<section class=\"elementor-section elementor-inner-section elementor-element elementor-element-42cc3a81 elementor-section-boxed elementor-section-height-default elementor-section-height-default\" data-id=\"42cc3a81\" data-element_type=\"section\">\n\t\t\t\t\t\t<div class=\"elementor-container elementor-column-gap-default\">\n\t\t\t\t\t<div class=\"elementor-column elementor-col-33 elementor-inner-column elementor-element elementor-element-37c1a745\" data-id=\"37c1a745\" data-element_type=\"column\">\n\t\t\t<div class=\"elementor-widget-wrap elementor-element-populated\">\n\t\t\t\t\t\t\t\t<div class=\"elementor-element elementor-element-1fc9d26 elementor-widget elementor-widget-image\" data-id=\"1fc9d26\" data-element_type=\"widget\" data-widget_type=\"image.default\">\n\t\t\t\t<div class=\"elementor-widget-container\">\n\t\t\t\t\t\t\t\t\t\t\t\t\t\t\t<img decoding=\"async\" src=\"https:\/\/fundacaomargaridaalves.org.br\/222\/wp-content\/plugins\/elementor\/assets\/images\/placeholder.png\" title=\"\" alt=\"\" \/>\t\t\t\t\t\t\t\t\t\t\t\t\t\t\t<\/div>\n\t\t\t\t<\/div>\n\t\t\t\t\t<\/div>\n\t\t<\/div>\n\t\t\t\t<div class=\"elementor-column elementor-col-33 elementor-inner-column elementor-element elementor-element-27581d54\" data-id=\"27581d54\" data-element_type=\"column\">\n\t\t\t<div class=\"elementor-widget-wrap\">\n\t\t\t\t\t\t\t\t\t<\/div>\n\t\t<\/div>\n\t\t\t\t<div class=\"elementor-column elementor-col-33 elementor-inner-column elementor-element elementor-element-3ee16a73\" data-id=\"3ee16a73\" data-element_type=\"column\">\n\t\t\t<div class=\"elementor-widget-wrap elementor-element-populated\">\n\t\t\t\t\t\t\t\t<div class=\"elementor-element elementor-element-4d34e33f elementor-widget elementor-widget-image\" data-id=\"4d34e33f\" data-element_type=\"widget\" data-widget_type=\"image.default\">\n\t\t\t\t<div class=\"elementor-widget-container\">\n\t\t\t\t\t\t\t\t\t\t\t\t\t\t\t<img decoding=\"async\" src=\"https:\/\/fundacaomargaridaalves.org.br\/222\/wp-content\/plugins\/elementor\/assets\/images\/placeholder.png\" title=\"\" alt=\"\" \/>\t\t\t\t\t\t\t\t\t\t\t\t\t\t\t<\/div>\n\t\t\t\t<\/div>\n\t\t\t\t\t<\/div>\n\t\t<\/div>\n\t\t\t\t\t\t\t<\/div>\n\t\t<\/section>\n\t\t\t\t\t<\/div>\n\t\t<\/div>\n\t\t\t\t\t\t\t<\/div>\n\t\t<\/section>\n\t\t\t\t\t\t<\/div>\n\t\t\t\t\t<\/div>\n\t\t","protected":false},"excerpt":{"rendered":"<p>Educa\u00e7\u00e3o para a Sa\u00fade e o Meio Ambiente Educa\u00e7\u00e3o para a Sa\u00fade e o Meio Ambiente: surgiu da atua\u00e7\u00e3o da Rede de Juristas Populares na Comunidade Unida, em Bayeux, e \u00e9 executado atrav\u00e9s de parceria entre a Funda\u00e7\u00e3o Margarida Maria Alves e a BrazilFoundation. O projeto tem dura\u00e7\u00e3o de um ano, tendo sido aprovado na [&hellip;]<\/p>\n","protected":false},"author":1,"featured_media":0,"parent":348,"menu_order":0,"comment_status":"closed","ping_status":"closed","template":"elementor_header_footer","meta":{"footnotes":""},"class_list":["post-1750","page","type-page","status-publish","hentry"],"_links":{"self":[{"href":"https:\/\/fundacaomargaridaalves.org.br\/222\/wp-json\/wp\/v2\/pages\/1750","targetHints":{"allow":["GET"]}}],"collection":[{"href":"https:\/\/fundacaomargaridaalves.org.br\/222\/wp-json\/wp\/v2\/pages"}],"about":[{"href":"https:\/\/fundacaomargaridaalves.org.br\/222\/wp-json\/wp\/v2\/types\/page"}],"author":[{"embeddable":true,"href":"https:\/\/fundacaomargaridaalves.org.br\/222\/wp-json\/wp\/v2\/users\/1"}],"replies":[{"embeddable":true,"href":"https:\/\/fundacaomargaridaalves.org.br\/222\/wp-json\/wp\/v2\/comments?post=1750"}],"version-history":[{"count":5,"href":"https:\/\/fundacaomargaridaalves.org.br\/222\/wp-json\/wp\/v2\/pages\/1750\/revisions"}],"predecessor-version":[{"id":2198,"href":"https:\/\/fundacaomargaridaalves.org.br\/222\/wp-json\/wp\/v2\/pages\/1750\/revisions\/2198"}],"up":[{"embeddable":true,"href":"https:\/\/fundacaomargaridaalves.org.br\/222\/wp-json\/wp\/v2\/pages\/348"}],"wp:attachment":[{"href":"https:\/\/fundacaomargaridaalves.org.br\/222\/wp-json\/wp\/v2\/media?parent=1750"}],"curies":[{"name":"wp","href":"https:\/\/api.w.org\/{rel}","templated":true}]}}