{"id":1656,"date":"2022-02-02T19:26:24","date_gmt":"2022-02-02T19:26:24","guid":{"rendered":"https:\/\/fundacaomargaridaalves.org.br\/222\/?page_id=1656"},"modified":"2022-02-02T19:42:32","modified_gmt":"2022-02-02T19:42:32","slug":"transparencia","status":"publish","type":"page","link":"https:\/\/fundacaomargaridaalves.org.br\/222\/transparencia\/","title":{"rendered":"Transpar\u00eancia"},"content":{"rendered":"\t\t<div data-elementor-type=\"wp-page\" data-elementor-id=\"1656\" class=\"elementor elementor-1656\" data-elementor-settings=\"[]\">\n\t\t\t\t\t\t\t<div class=\"elementor-section-wrap\">\n\t\t\t\t\t\t\t<section class=\"elementor-section elementor-top-section elementor-element elementor-element-5becb9bb elementor-section-height-min-height elementor-section-boxed elementor-section-height-default elementor-section-items-middle\" data-id=\"5becb9bb\" data-element_type=\"section\" data-settings=\"{&quot;background_background&quot;:&quot;classic&quot;}\">\n\t\t\t\t\t\t\t<div class=\"elementor-background-overlay\"><\/div>\n\t\t\t\t\t\t\t<div class=\"elementor-container elementor-column-gap-default\">\n\t\t\t\t\t<div class=\"elementor-column elementor-col-33 elementor-top-column elementor-element elementor-element-5d28d6d6\" data-id=\"5d28d6d6\" data-element_type=\"column\">\n\t\t\t<div class=\"elementor-widget-wrap\">\n\t\t\t\t\t\t\t\t\t<\/div>\n\t\t<\/div>\n\t\t\t\t<div class=\"elementor-column elementor-col-33 elementor-top-column elementor-element elementor-element-f34dd55\" data-id=\"f34dd55\" data-element_type=\"column\">\n\t\t\t<div class=\"elementor-widget-wrap elementor-element-populated\">\n\t\t\t\t\t\t\t\t<div class=\"elementor-element elementor-element-182578d3 elementor-widget elementor-widget-heading\" data-id=\"182578d3\" data-element_type=\"widget\" data-widget_type=\"heading.default\">\n\t\t\t\t<div class=\"elementor-widget-container\">\n\t\t\t<style>\/*! elementor - v3.5.4 - 23-01-2022 *\/\n.elementor-heading-title{padding:0;margin:0;line-height:1}.elementor-widget-heading .elementor-heading-title[class*=elementor-size-]>a{color:inherit;font-size:inherit;line-height:inherit}.elementor-widget-heading .elementor-heading-title.elementor-size-small{font-size:15px}.elementor-widget-heading .elementor-heading-title.elementor-size-medium{font-size:19px}.elementor-widget-heading .elementor-heading-title.elementor-size-large{font-size:29px}.elementor-widget-heading .elementor-heading-title.elementor-size-xl{font-size:39px}.elementor-widget-heading .elementor-heading-title.elementor-size-xxl{font-size:59px}<\/style><h1 class=\"elementor-heading-title elementor-size-default\">Transpar\u00eancia<\/h1>\t\t<\/div>\n\t\t\t\t<\/div>\n\t\t\t\t<div class=\"elementor-element elementor-element-7b7ec80d elementor-widget elementor-widget-text-editor\" data-id=\"7b7ec80d\" data-element_type=\"widget\" data-widget_type=\"text-editor.default\">\n\t\t\t\t<div class=\"elementor-widget-container\">\n\t\t\t<style>\/*! elementor - v3.5.4 - 23-01-2022 *\/\n.elementor-widget-text-editor.elementor-drop-cap-view-stacked .elementor-drop-cap{background-color:#818a91;color:#fff}.elementor-widget-text-editor.elementor-drop-cap-view-framed .elementor-drop-cap{color:#818a91;border:3px solid;background-color:transparent}.elementor-widget-text-editor:not(.elementor-drop-cap-view-default) .elementor-drop-cap{margin-top:8px}.elementor-widget-text-editor:not(.elementor-drop-cap-view-default) .elementor-drop-cap-letter{width:1em;height:1em}.elementor-widget-text-editor .elementor-drop-cap{float:left;text-align:center;line-height:1;font-size:50px}.elementor-widget-text-editor .elementor-drop-cap-letter{display:inline-block}<\/style>\t\t\t\t<p>A Funda\u00e7\u00e3o de Defesa dos Direitos Humanos Margarida Maria Alves (<strong>FDDHMMA<\/strong>) \u00e9 uma\u00a0<strong>entidade da sociedade civil<\/strong>,\u00a0<strong>sem fins lucrativos<\/strong><\/p>\t\t\t\t\t\t<\/div>\n\t\t\t\t<\/div>\n\t\t\t\t\t<\/div>\n\t\t<\/div>\n\t\t\t\t<div class=\"elementor-column elementor-col-33 elementor-top-column elementor-element elementor-element-5b84c69b\" data-id=\"5b84c69b\" data-element_type=\"column\">\n\t\t\t<div class=\"elementor-widget-wrap\">\n\t\t\t\t\t\t\t\t\t<\/div>\n\t\t<\/div>\n\t\t\t\t\t\t\t<\/div>\n\t\t<\/section>\n\t\t\t\t<section class=\"elementor-section elementor-top-section elementor-element elementor-element-4af1572 elementor-section-boxed elementor-section-height-default elementor-section-height-default\" data-id=\"4af1572\" data-element_type=\"section\" data-settings=\"{&quot;background_background&quot;:&quot;classic&quot;}\">\n\t\t\t\t\t\t<div class=\"elementor-container elementor-column-gap-default\">\n\t\t\t\t\t<div class=\"elementor-column elementor-col-100 elementor-top-column elementor-element elementor-element-5b1ce27b\" data-id=\"5b1ce27b\" data-element_type=\"column\">\n\t\t\t<div class=\"elementor-widget-wrap\">\n\t\t\t\t\t\t\t\t\t<\/div>\n\t\t<\/div>\n\t\t\t\t\t\t\t<\/div>\n\t\t<\/section>\n\t\t\t\t<section class=\"elementor-section elementor-top-section elementor-element elementor-element-4bc8357 elementor-section-boxed elementor-section-height-default elementor-section-height-default\" data-id=\"4bc8357\" data-element_type=\"section\" data-settings=\"{&quot;background_background&quot;:&quot;classic&quot;}\">\n\t\t\t\t\t\t<div class=\"elementor-container elementor-column-gap-default\">\n\t\t\t\t\t<div class=\"elementor-column elementor-col-100 elementor-top-column elementor-element elementor-element-5a4976e\" data-id=\"5a4976e\" data-element_type=\"column\">\n\t\t\t<div class=\"elementor-widget-wrap elementor-element-populated\">\n\t\t\t\t\t\t\t\t<div class=\"elementor-element elementor-element-8c0d64e elementor-absolute elementor-hidden-phone elementor-widget elementor-widget-heading\" data-id=\"8c0d64e\" data-element_type=\"widget\" data-settings=\"{&quot;_position&quot;:&quot;absolute&quot;}\" data-widget_type=\"heading.default\">\n\t\t\t\t<div class=\"elementor-widget-container\">\n\t\t\t<div class=\"elementor-heading-title elementor-size-default\">Desde o in\u00edcio, foram definidos os objetivos de atua\u00e7\u00e3o da Funda\u00e7\u00e3o Margarida Maria Alves. A partir da\u00ed, foi poss\u00edvel desenvolver projetos que se encaixassem nessas premissas e, com isso, formular atividades que contribu\u00edssem para o desenvolvimento dos grupos assistidos.\n\nE, atrav\u00e9s do desenvolvimento desses projetos, foi poss\u00edvel moldar os objetivos de acordo com as necessidades, sempre respeitando a Miss\u00e3o da entidade: fortalecer e difundir uma cultura de respeito aos direitos humanos na perspectiva dos movimentos populares e da justi\u00e7a social.<\/div>\t\t<\/div>\n\t\t\t\t<\/div>\n\t\t\t\t\t<\/div>\n\t\t<\/div>\n\t\t\t\t\t\t\t<\/div>\n\t\t<\/section>\n\t\t\t\t<section class=\"elementor-section elementor-top-section elementor-element elementor-element-7260927a elementor-section-boxed elementor-section-height-default elementor-section-height-default\" data-id=\"7260927a\" data-element_type=\"section\" data-settings=\"{&quot;background_background&quot;:&quot;classic&quot;}\">\n\t\t\t\t\t\t<div class=\"elementor-container elementor-column-gap-default\">\n\t\t\t\t\t<div class=\"elementor-column elementor-col-100 elementor-top-column elementor-element elementor-element-476b4c14\" data-id=\"476b4c14\" data-element_type=\"column\">\n\t\t\t<div class=\"elementor-widget-wrap elementor-element-populated\">\n\t\t\t\t\t\t\t\t<section class=\"elementor-section elementor-inner-section elementor-element elementor-element-4cdebccb elementor-section-boxed elementor-section-height-default elementor-section-height-default\" data-id=\"4cdebccb\" data-element_type=\"section\">\n\t\t\t\t\t\t<div class=\"elementor-container elementor-column-gap-default\">\n\t\t\t\t\t<div class=\"elementor-column elementor-col-100 elementor-inner-column elementor-element elementor-element-68ec52c\" data-id=\"68ec52c\" data-element_type=\"column\">\n\t\t\t<div class=\"elementor-widget-wrap\">\n\t\t\t\t\t\t\t\t\t<\/div>\n\t\t<\/div>\n\t\t\t\t\t\t\t<\/div>\n\t\t<\/section>\n\t\t\t\t<section class=\"elementor-section elementor-inner-section elementor-element elementor-element-1455464c elementor-section-boxed elementor-section-height-default elementor-section-height-default\" data-id=\"1455464c\" data-element_type=\"section\">\n\t\t\t\t\t\t<div class=\"elementor-container elementor-column-gap-default\">\n\t\t\t\t\t<div class=\"elementor-column elementor-col-50 elementor-inner-column elementor-element elementor-element-63621a94\" data-id=\"63621a94\" data-element_type=\"column\">\n\t\t\t<div class=\"elementor-widget-wrap elementor-element-populated\">\n\t\t\t\t\t\t\t\t<div class=\"elementor-element elementor-element-779914f elementor-widget elementor-widget-text-editor\" data-id=\"779914f\" data-element_type=\"widget\" data-widget_type=\"text-editor.default\">\n\t\t\t\t<div class=\"elementor-widget-container\">\n\t\t\t\t\t\t\t<p>A Funda\u00e7\u00e3o de Defesa dos Direitos Humanos Margarida Maria Alves (FDDHMMA) \u00e9 uma entidade da sociedade civil, sem fins lucrativos, regida pela legisla\u00e7\u00e3o aplicada \u00e0s funda\u00e7\u00f5es. Foi criada como entidade juridicamente aut\u00f4noma em 8 de julho de 1994, sendo sucessora do antigo Centro de Defesa dos Direitos Humanos da Arquidiocese da Para\u00edba, criado no in\u00edcio da d\u00e9cada de 70.<\/p><p>A Funda\u00e7\u00e3o, nos primeiros anos de exist\u00eancia, permaneceu atuando dentro dos eixos de a\u00e7\u00e3o do Centro de Defesa, prestando apoio e assessoria jur\u00eddica (balc\u00e3o de servi\u00e7os para o atendimento aos casos de viola\u00e7\u00e3o de direitos) aos movimentos sociais. Historicamente, foi a atividade pela qual o Centro de Defesa e, posteriormente, a Funda\u00e7\u00e3o Margarida Maria Alves foram reconhecidos. Com o tempo, essa pr\u00e1tica foi se restringindo e come\u00e7ou-se a encaminhar os casos para os servi\u00e7os p\u00fablicos competentes.<\/p><p>Um outro eixo de atua\u00e7\u00e3o estava voltado para a quest\u00e3o da moradia e solo urbanos. Esta atua\u00e7\u00e3o baseava-se no acompanhamento aos casos de ocupa\u00e7\u00e3o de \u00e1reas urbanas no tocante \u00e0s quest\u00f5es jur\u00eddicas, de organiza\u00e7\u00e3o e intermedia\u00e7\u00e3o com os poderes p\u00fablicos para a solu\u00e7\u00e3o destes conflitos. Esta tamb\u00e9m \u00e9 uma \u00e1rea que historicamente a Funda\u00e7\u00e3o tem acompanhado.<\/p>\t\t\t\t\t\t<\/div>\n\t\t\t\t<\/div>\n\t\t\t\t\t<\/div>\n\t\t<\/div>\n\t\t\t\t<div class=\"elementor-column elementor-col-50 elementor-inner-column elementor-element elementor-element-730032c5\" data-id=\"730032c5\" data-element_type=\"column\">\n\t\t\t<div class=\"elementor-widget-wrap elementor-element-populated\">\n\t\t\t\t\t\t\t\t<div class=\"elementor-element elementor-element-9556d35 elementor-widget elementor-widget-text-editor\" data-id=\"9556d35\" data-element_type=\"widget\" data-widget_type=\"text-editor.default\">\n\t\t\t\t<div class=\"elementor-widget-container\">\n\t\t\t\t\t\t\t<p>A Funda\u00e7\u00e3o de Defesa dos Direitos Humanos Margarida Maria Alves (FDDHMMA) \u00e9 uma entidade da sociedade civil, sem fins lucrativos, regida pela legisla\u00e7\u00e3o aplicada \u00e0s funda\u00e7\u00f5es. Foi criada como entidade juridicamente aut\u00f4noma em 8 de julho de 1994, sendo sucessora do antigo Centro de Defesa dos Direitos Humanos da Arquidiocese da Para\u00edba, criado no in\u00edcio da d\u00e9cada de 70.<\/p><p>A Funda\u00e7\u00e3o, nos primeiros anos de exist\u00eancia, permaneceu atuando dentro dos eixos de a\u00e7\u00e3o do Centro de Defesa, prestando apoio e assessoria jur\u00eddica (balc\u00e3o de servi\u00e7os para o atendimento aos casos de viola\u00e7\u00e3o de direitos) aos movimentos sociais. Historicamente, foi a atividade pela qual o Centro de Defesa e, posteriormente, a Funda\u00e7\u00e3o Margarida Maria Alves foram reconhecidos. Com o tempo, essa pr\u00e1tica foi se restringindo e come\u00e7ou-se a encaminhar os casos para os servi\u00e7os p\u00fablicos competentes.<\/p><p>Um outro eixo de atua\u00e7\u00e3o estava voltado para a quest\u00e3o da moradia e solo urbanos. Esta atua\u00e7\u00e3o baseava-se no acompanhamento aos casos de ocupa\u00e7\u00e3o de \u00e1reas urbanas no tocante \u00e0s quest\u00f5es jur\u00eddicas, de organiza\u00e7\u00e3o e intermedia\u00e7\u00e3o com os poderes p\u00fablicos para a solu\u00e7\u00e3o destes conflitos. Esta tamb\u00e9m \u00e9 uma \u00e1rea que historicamente a Funda\u00e7\u00e3o tem acompanhado.<\/p>\t\t\t\t\t\t<\/div>\n\t\t\t\t<\/div>\n\t\t\t\t\t<\/div>\n\t\t<\/div>\n\t\t\t\t\t\t\t<\/div>\n\t\t<\/section>\n\t\t\t\t\t<\/div>\n\t\t<\/div>\n\t\t\t\t\t\t\t<\/div>\n\t\t<\/section>\n\t\t\t\t<section class=\"elementor-section elementor-top-section elementor-element elementor-element-3b9d06f8 elementor-section-boxed elementor-section-height-default elementor-section-height-default\" data-id=\"3b9d06f8\" data-element_type=\"section\" data-settings=\"{&quot;background_background&quot;:&quot;classic&quot;}\">\n\t\t\t\t\t\t<div class=\"elementor-container elementor-column-gap-default\">\n\t\t\t\t\t<div class=\"elementor-column elementor-col-100 elementor-top-column elementor-element elementor-element-7b8606c1\" data-id=\"7b8606c1\" data-element_type=\"column\">\n\t\t\t<div class=\"elementor-widget-wrap elementor-element-populated\">\n\t\t\t\t\t\t\t\t<div class=\"elementor-element elementor-element-27ee6462 elementor-invisible elementor-widget elementor-widget-heading\" data-id=\"27ee6462\" data-element_type=\"widget\" data-settings=\"{&quot;_animation&quot;:&quot;fadeInUp&quot;,&quot;_animation_delay&quot;:1000}\" data-widget_type=\"heading.default\">\n\t\t\t\t<div class=\"elementor-widget-container\">\n\t\t\t<span class=\"elementor-heading-title elementor-size-default\">Objetivos e Valores<\/span>\t\t<\/div>\n\t\t\t\t<\/div>\n\t\t\t\t<div class=\"elementor-element elementor-element-40c036a0 elementor-widget elementor-widget-heading\" data-id=\"40c036a0\" data-element_type=\"widget\" data-widget_type=\"heading.default\">\n\t\t\t\t<div class=\"elementor-widget-container\">\n\t\t\t<h2 class=\"elementor-heading-title elementor-size-default\">Nossos Dados<\/h2>\t\t<\/div>\n\t\t\t\t<\/div>\n\t\t\t\t\t<\/div>\n\t\t<\/div>\n\t\t\t\t\t\t\t<\/div>\n\t\t<\/section>\n\t\t\t\t<section class=\"elementor-section elementor-top-section elementor-element elementor-element-21742fe9 elementor-section-boxed elementor-section-height-default elementor-section-height-default\" data-id=\"21742fe9\" data-element_type=\"section\" data-settings=\"{&quot;background_background&quot;:&quot;classic&quot;}\">\n\t\t\t\t\t\t<div class=\"elementor-container elementor-column-gap-default\">\n\t\t\t\t\t<div class=\"elementor-column elementor-col-100 elementor-top-column elementor-element elementor-element-4c7c14b1\" data-id=\"4c7c14b1\" data-element_type=\"column\">\n\t\t\t<div class=\"elementor-widget-wrap elementor-element-populated\">\n\t\t\t\t\t\t\t\t<div class=\"elementor-element elementor-element-23e1a97c elementor-widget elementor-widget-elementskit-simple-tab\" data-id=\"23e1a97c\" data-element_type=\"widget\" data-widget_type=\"elementskit-simple-tab.default\">\n\t\t\t\t<div class=\"elementor-widget-container\">\n\t\t\t<div class=\"ekit-wid-con\" >        <div class=\"elementkit-tab-wraper  \">\n            <ul class=\"nav nav-tabs elementkit-tab-nav  elementskit-fullwidth-tab\" role=\"tablist\">\n                                    <li class=\"elementkit-nav-item elementor-repeater-item-f9e1891\">\n                        <a class=\"elementkit-nav-link  active show left-pos\" id=\"content-f9e189169d0872149e38-tab\" data-ekit-handler-id=\"2021\" data-ekit-toggle=\"tab\" data-target=\"#content-f9e189169d0872149e38\" href=\"#Content-f9e189169d0872149e38\"\n                            data-ekit-toggle-trigger=\"click\"\n                            role=\"tab\" aria-controls=\"Content-f9e189169d0872149e38\" aria-selected=\"true\">\n                            <span class=\"far fa-calendar elementskit-tab-icon\"><\/span>                            <span class=\"elementskit-tab-title\">2021<\/span>\n                        <\/a>\n                    <\/li>\n                                        <li class=\"elementkit-nav-item elementor-repeater-item-98856f2\">\n                        <a class=\"elementkit-nav-link  left-pos\" id=\"content-98856f269d0872149e38-tab\" data-ekit-handler-id=\"2020\" data-ekit-toggle=\"tab\" data-target=\"#content-98856f269d0872149e38\" href=\"#Content-98856f269d0872149e38\"\n                            data-ekit-toggle-trigger=\"click\"\n                            role=\"tab\" aria-controls=\"Content-98856f269d0872149e38\" aria-selected=\"true\">\n                            <span class=\"far fa-calendar elementskit-tab-icon\"><\/span>                            <span class=\"elementskit-tab-title\">2020<\/span>\n                        <\/a>\n                    <\/li>\n                                        <li class=\"elementkit-nav-item elementor-repeater-item-dd59363\">\n                        <a class=\"elementkit-nav-link  left-pos\" id=\"content-dd5936369d0872149e38-tab\" data-ekit-handler-id=\"2019\" data-ekit-toggle=\"tab\" data-target=\"#content-dd5936369d0872149e38\" href=\"#Content-dd5936369d0872149e38\"\n                            data-ekit-toggle-trigger=\"click\"\n                            role=\"tab\" aria-controls=\"Content-dd5936369d0872149e38\" aria-selected=\"true\">\n                            <span class=\"far fa-calendar elementskit-tab-icon\"><\/span>                            <span class=\"elementskit-tab-title\">2019<\/span>\n                        <\/a>\n                    <\/li>\n                                        <li class=\"elementkit-nav-item elementor-repeater-item-d09e22e\">\n                        <a class=\"elementkit-nav-link  left-pos\" id=\"content-d09e22e69d0872149e38-tab\" data-ekit-handler-id=\"2018\" data-ekit-toggle=\"tab\" data-target=\"#content-d09e22e69d0872149e38\" href=\"#Content-d09e22e69d0872149e38\"\n                            data-ekit-toggle-trigger=\"click\"\n                            role=\"tab\" aria-controls=\"Content-d09e22e69d0872149e38\" aria-selected=\"true\">\n                            <span class=\"far fa-calendar elementskit-tab-icon\"><\/span>                            <span class=\"elementskit-tab-title\">2018<\/span>\n                        <\/a>\n                    <\/li>\n                                        <li class=\"elementkit-nav-item elementor-repeater-item-3e409ef\">\n                        <a class=\"elementkit-nav-link  left-pos\" id=\"content-3e409ef69d0872149e38-tab\" data-ekit-handler-id=\"2017\" data-ekit-toggle=\"tab\" data-target=\"#content-3e409ef69d0872149e38\" href=\"#Content-3e409ef69d0872149e38\"\n                            data-ekit-toggle-trigger=\"click\"\n                            role=\"tab\" aria-controls=\"Content-3e409ef69d0872149e38\" aria-selected=\"true\">\n                            <span class=\"far fa-calendar elementskit-tab-icon\"><\/span>                            <span class=\"elementskit-tab-title\">2017<\/span>\n                        <\/a>\n                    <\/li>\n                                <\/ul>\n\n            <div class=\"tab-content elementkit-tab-content\">\n                                    <div class=\"tab-pane elementkit-tab-pane elementor-repeater-item-f9e1891  active show\" id=\"content-f9e189169d0872149e38\" role=\"tabpanel\"\n                         aria-labelledby=\"content-f9e189169d0872149e38-tab\">\n                        <div class=\"animated fadeIn\">\n                            <p><strong>I \u2013<\/strong>\u00a0Contribuir para a constru\u00e7\u00e3o de uma sociedade democr\u00e1tica<\/p><p>\u00a0<\/p><p><strong>II \u2013\u00a0<\/strong>Fomentar a forma\u00e7\u00e3o e capacita\u00e7\u00e3o de educadores<\/p><p>\u00a0<\/p><p><strong>III \u2013<\/strong>\u00a0Disponibilizar material bibliogr\u00e1fico<\/p><p>\u00a0<\/p><p><strong>IV \u2013<\/strong> Difundir e promover a defesa dos direitos humanos<\/p><p>\u00a0<\/p><p><strong>V \u2013<\/strong>\u00a0Manter rela\u00e7\u00f5es de interc\u00e2mbio<\/p>                        <\/div>\n                    <\/div>\n                                    <div class=\"tab-pane elementkit-tab-pane elementor-repeater-item-98856f2 \" id=\"content-98856f269d0872149e38\" role=\"tabpanel\"\n                         aria-labelledby=\"content-98856f269d0872149e38-tab\">\n                        <div class=\"animated fadeIn\">\n                            <p><strong>I \u2013<\/strong>\u00a0Contribuir para a constru\u00e7\u00e3o de uma sociedade democr\u00e1tica<\/p><p>\u00a0<\/p><p><strong>II \u2013\u00a0<\/strong>Fomentar a forma\u00e7\u00e3o e capacita\u00e7\u00e3o de educadores<\/p><p>\u00a0<\/p><p><strong>III \u2013<\/strong>\u00a0Disponibilizar material bibliogr\u00e1fico<\/p><p>\u00a0<\/p><p><strong>IV \u2013<\/strong> Difundir e promover a defesa dos direitos humanos<\/p><p>\u00a0<\/p><p><strong>V \u2013<\/strong>\u00a0Manter rela\u00e7\u00f5es de interc\u00e2mbio<\/p>                        <\/div>\n                    <\/div>\n                                    <div class=\"tab-pane elementkit-tab-pane elementor-repeater-item-dd59363 \" id=\"content-dd5936369d0872149e38\" role=\"tabpanel\"\n                         aria-labelledby=\"content-dd5936369d0872149e38-tab\">\n                        <div class=\"animated fadeIn\">\n                            <p><strong>I \u2013<\/strong>\u00a0Contribuir para a constru\u00e7\u00e3o de uma sociedade democr\u00e1tica<\/p><p>\u00a0<\/p><p><strong>II \u2013\u00a0<\/strong>Fomentar a forma\u00e7\u00e3o e capacita\u00e7\u00e3o de educadores<\/p><p>\u00a0<\/p><p><strong>III \u2013<\/strong>\u00a0Disponibilizar material bibliogr\u00e1fico<\/p><p>\u00a0<\/p><p><strong>IV \u2013<\/strong> Difundir e promover a defesa dos direitos humanos<\/p><p>\u00a0<\/p><p><strong>V \u2013<\/strong>\u00a0Manter rela\u00e7\u00f5es de interc\u00e2mbio<\/p>                        <\/div>\n                    <\/div>\n                                    <div class=\"tab-pane elementkit-tab-pane elementor-repeater-item-d09e22e \" id=\"content-d09e22e69d0872149e38\" role=\"tabpanel\"\n                         aria-labelledby=\"content-d09e22e69d0872149e38-tab\">\n                        <div class=\"animated fadeIn\">\n                            <p><strong>I \u2013<\/strong>\u00a0Contribuir para a constru\u00e7\u00e3o de uma sociedade democr\u00e1tica<\/p><p>\u00a0<\/p><p><strong>II \u2013\u00a0<\/strong>Fomentar a forma\u00e7\u00e3o e capacita\u00e7\u00e3o de educadores<\/p><p>\u00a0<\/p><p><strong>III \u2013<\/strong>\u00a0Disponibilizar material bibliogr\u00e1fico<\/p><p>\u00a0<\/p><p><strong>IV \u2013<\/strong> Difundir e promover a defesa dos direitos humanos<\/p><p>\u00a0<\/p><p><strong>V \u2013<\/strong>\u00a0Manter rela\u00e7\u00f5es de interc\u00e2mbio<\/p>                        <\/div>\n                    <\/div>\n                                    <div class=\"tab-pane elementkit-tab-pane elementor-repeater-item-3e409ef \" id=\"content-3e409ef69d0872149e38\" role=\"tabpanel\"\n                         aria-labelledby=\"content-3e409ef69d0872149e38-tab\">\n                        <div class=\"animated fadeIn\">\n                            <p><strong>I \u2013<\/strong>\u00a0Contribuir para a constru\u00e7\u00e3o de uma sociedade democr\u00e1tica<\/p><p>\u00a0<\/p><p><strong>II \u2013\u00a0<\/strong>Fomentar a forma\u00e7\u00e3o e capacita\u00e7\u00e3o de educadores<\/p><p>\u00a0<\/p><p><strong>III \u2013<\/strong>\u00a0Disponibilizar material bibliogr\u00e1fico<\/p><p>\u00a0<\/p><p><strong>IV \u2013<\/strong> Difundir e promover a defesa dos direitos humanos<\/p><p>\u00a0<\/p><p><strong>V \u2013<\/strong>\u00a0Manter rela\u00e7\u00f5es de interc\u00e2mbio<\/p>                        <\/div>\n                    <\/div>\n                            <\/div>\n        <\/div>\n    <\/div>\t\t<\/div>\n\t\t\t\t<\/div>\n\t\t\t\t\t<\/div>\n\t\t<\/div>\n\t\t\t\t\t\t\t<\/div>\n\t\t<\/section>\n\t\t\t\t\t\t<\/div>\n\t\t\t\t\t<\/div>\n\t\t","protected":false},"excerpt":{"rendered":"<p>Transpar\u00eancia A Funda\u00e7\u00e3o de Defesa dos Direitos Humanos Margarida Maria Alves (FDDHMMA) \u00e9 uma\u00a0entidade da sociedade civil,\u00a0sem fins lucrativos Desde o in\u00edcio, foram definidos os objetivos de atua\u00e7\u00e3o da Funda\u00e7\u00e3o Margarida Maria Alves. A partir da\u00ed, foi poss\u00edvel desenvolver projetos que se encaixassem nessas premissas e, com isso, formular atividades que contribu\u00edssem para o desenvolvimento [&hellip;]<\/p>\n","protected":false},"author":1,"featured_media":0,"parent":0,"menu_order":0,"comment_status":"closed","ping_status":"closed","template":"elementor_header_footer","meta":{"footnotes":""},"class_list":["post-1656","page","type-page","status-publish","hentry"],"_links":{"self":[{"href":"https:\/\/fundacaomargaridaalves.org.br\/222\/wp-json\/wp\/v2\/pages\/1656","targetHints":{"allow":["GET"]}}],"collection":[{"href":"https:\/\/fundacaomargaridaalves.org.br\/222\/wp-json\/wp\/v2\/pages"}],"about":[{"href":"https:\/\/fundacaomargaridaalves.org.br\/222\/wp-json\/wp\/v2\/types\/page"}],"author":[{"embeddable":true,"href":"https:\/\/fundacaomargaridaalves.org.br\/222\/wp-json\/wp\/v2\/users\/1"}],"replies":[{"embeddable":true,"href":"https:\/\/fundacaomargaridaalves.org.br\/222\/wp-json\/wp\/v2\/comments?post=1656"}],"version-history":[{"count":13,"href":"https:\/\/fundacaomargaridaalves.org.br\/222\/wp-json\/wp\/v2\/pages\/1656\/revisions"}],"predecessor-version":[{"id":1674,"href":"https:\/\/fundacaomargaridaalves.org.br\/222\/wp-json\/wp\/v2\/pages\/1656\/revisions\/1674"}],"wp:attachment":[{"href":"https:\/\/fundacaomargaridaalves.org.br\/222\/wp-json\/wp\/v2\/media?parent=1656"}],"curies":[{"name":"wp","href":"https:\/\/api.w.org\/{rel}","templated":true}]}}